{"id":6,"date":"2018-08-14T11:50:03","date_gmt":"2018-08-14T11:50:03","guid":{"rendered":"http:\/\/www.bellum.nu\/?page_id=6"},"modified":"2018-08-14T12:04:57","modified_gmt":"2018-08-14T12:04:57","slug":"om-bellum","status":"publish","type":"page","link":"https:\/\/www.bellum.nu\/?page_id=6","title":{"rendered":"Om Bellum"},"content":{"rendered":"<p>Fordonsentusiaster se hit! P\u00e5 Bellum kan du l\u00e4sa intressanta artiklar om allt som ber\u00f6r fordon med fyra hjul. Allt fr\u00e5n andra v\u00e4rldskrigets terr\u00e4ngbilar\u00a0 och jeeper till moderna personbilar \u00e4r typiska \u00e4mnen som vi kommer att skriva om. Fordon \u00e4r fascinerande, detta \u00e4r n\u00e5got m\u00e4nniskan har skapat och utvecklat genom \u00e5ren och trots att tekniken skiljer sig \u00e5t mellan olika decennium s\u00e5 kommer det alltid att finnas en charm vad g\u00e4ller \u00e4ldre fordon.<\/p>\n<p>V\u00e4lkommen till Bellum!<\/p>\n","protected":false},"excerpt":{"rendered":"<p>Fordonsentusiaster se hit! P\u00e5 Bellum kan du l\u00e4sa intressanta artiklar om allt som ber\u00f6r fordon med fyra hjul. Allt fr\u00e5n andra v\u00e4rldskrigets terr\u00e4ngbilar\u00a0 och jeeper till moderna personbilar \u00e4r typiska \u00e4mnen som vi kommer att skriva om. Fordon \u00e4r fascinerande, detta \u00e4r n\u00e5got m\u00e4nniskan har skapat och utvecklat genom \u00e5ren och trots att tekniken skiljer [&hellip;]<\/p>\n","protected":false},"author":1,"featured_media":17,"parent":0,"menu_order":0,"comment_status":"closed","ping_status":"closed","template":"","meta":[],"_links":{"self":[{"href":"https:\/\/www.bellum.nu\/index.php?rest_route=\/wp\/v2\/pages\/6"}],"collection":[{"href":"https:\/\/www.bellum.nu\/index.php?rest_route=\/wp\/v2\/pages"}],"about":[{"href":"https:\/\/www.bellum.nu\/index.php?rest_route=\/wp\/v2\/types\/page"}],"author":[{"embeddable":true,"href":"https:\/\/www.bellum.nu\/index.php?rest_route=\/wp\/v2\/users\/1"}],"replies":[{"embeddable":true,"href":"https:\/\/www.bellum.nu\/index.php?rest_route=%2Fwp%2Fv2%2Fcomments&post=6"}],"version-history":[{"count":1,"href":"https:\/\/www.bellum.nu\/index.php?rest_route=\/wp\/v2\/pages\/6\/revisions"}],"predecessor-version":[{"id":7,"href":"https:\/\/www.bellum.nu\/index.php?rest_route=\/wp\/v2\/pages\/6\/revisions\/7"}],"wp:featuredmedia":[{"embeddable":true,"href":"https:\/\/www.bellum.nu\/index.php?rest_route=\/wp\/v2\/media\/17"}],"wp:attachment":[{"href":"https:\/\/www.bellum.nu\/index.php?rest_route=%2Fwp%2Fv2%2Fmedia&parent=6"}],"curies":[{"name":"wp","href":"https:\/\/api.w.org\/{rel}","templated":true}]}}